{"id":810,"date":"2018-04-30T14:32:29","date_gmt":"2018-04-30T14:32:29","guid":{"rendered":"https:\/\/diamant-de-laboratoire.philippeandco.ca\/demande-de-prix-merci\/"},"modified":"2023-06-28T18:30:45","modified_gmt":"2023-06-28T22:30:45","slug":"request-a-quote-thank-you","status":"publish","type":"page","link":"https:\/\/diamant-de-laboratoire.philippeandco.ca\/en\/request-a-quote-thank-you\/","title":{"rendered":"Request a quote &#8211; Thank you"},"content":{"rendered":"[vc_row type=&#8221;in_container&#8221; full_screen_row_position=&#8221;middle&#8221; column_margin=&#8221;default&#8221; column_direction=&#8221;default&#8221; column_direction_tablet=&#8221;default&#8221; column_direction_phone=&#8221;default&#8221; scene_position=&#8221;center&#8221; text_color=&#8221;dark&#8221; text_align=&#8221;center&#8221; row_border_radius=&#8221;none&#8221; row_border_radius_applies=&#8221;bg&#8221; overflow=&#8221;visible&#8221; overlay_strength=&#8221;0.3&#8243; gradient_direction=&#8221;left_to_right&#8221; shape_divider_position=&#8221;bottom&#8221; bg_image_animation=&#8221;none&#8221; shape_type=&#8221;&#8221;][vc_column column_padding=&#8221;no-extra-padding&#8221; column_padding_tablet=&#8221;inherit&#8221; column_padding_phone=&#8221;inherit&#8221; column_padding_position=&#8221;all&#8221; column_element_direction_desktop=&#8221;default&#8221; column_element_spacing=&#8221;default&#8221; desktop_text_alignment=&#8221;default&#8221; tablet_text_alignment=&#8221;default&#8221; phone_text_alignment=&#8221;default&#8221; background_color_opacity=&#8221;1&#8243; background_hover_color_opacity=&#8221;1&#8243; column_backdrop_filter=&#8221;none&#8221; column_shadow=&#8221;none&#8221; column_border_radius=&#8221;none&#8221; column_link_target=&#8221;_self&#8221; column_position=&#8221;default&#8221; gradient_direction=&#8221;left_to_right&#8221; overlay_strength=&#8221;0.3&#8243; width=&#8221;1\/1&#8243; tablet_width_inherit=&#8221;default&#8221; animation_type=&#8221;default&#8221; bg_image_animation=&#8221;none&#8221; border_type=&#8221;simple&#8221; column_border_width=&#8221;none&#8221; column_border_style=&#8221;solid&#8221;][vc_column_text]\n<h1>Price Inquiry &#8211; Thank you<\/h1>\n<p style=\"text-align: center;\">We have received your request. Schedule an appointment with our expert now to create the ring of your dreams.<\/p>\n[\/vc_column_text][divider line_type=&#8221;No Line&#8221; custom_height=&#8221;25&#8243;][nectar_btn size=&#8221;small&#8221; button_style=&#8221;regular&#8221; button_color_2=&#8221;Accent-Color&#8221; icon_family=&#8221;none&#8221; url=&#8221;#appointment&#8221; text=&#8221;Schedule an appointment&#8221;][vc_raw_html]JTNDaW1nJTIwaGVpZ2h0JTNEJTIyMSUyMiUyMHdpZHRoJTNEJTIyMSUyMiUyMHN0eWxlJTNEJTIyYm9yZGVyLXN0eWxlJTNBbm9uZSUzQiUyMiUyMGFsdCUzRCUyMiUyMiUyMHNyYyUzRCUyMiUyRiUyRnd3dy5nb29nbGVhZHNlcnZpY2VzLmNvbSUyRnBhZ2VhZCUyRmNvbnZlcnNpb24lMkY5MTk5NzA3NzklMkYlM0ZsYWJlbCUzRDFtUkxDS21Ycm9FQkVOdkgxcllEJTI2YW1wJTNCZ3VpZCUzRE9OJTI2YW1wJTNCc2NyaXB0JTNEMCUyMiUyRiUzRQ==[\/vc_raw_html][\/vc_column][\/vc_row]\n","protected":false},"excerpt":{"rendered":"<p>[vc_row type=&#8221;in_container&#8221; full_screen_row_position=&#8221;middle&#8221; column_margin=&#8221;default&#8221; column_direction=&#8221;default&#8221; column_direction_tablet=&#8221;default&#8221; column_direction_phone=&#8221;default&#8221; scene_position=&#8221;center&#8221; text_color=&#8221;dark&#8221; text_align=&#8221;center&#8221; row_border_radius=&#8221;none&#8221; row_border_radius_applies=&#8221;bg&#8221; overflow=&#8221;visible&#8221; overlay_strength=&#8221;0.3&#8243; gradient_direction=&#8221;left_to_right&#8221; shape_divider_position=&#8221;bottom&#8221; bg_image_animation=&#8221;none&#8221; shape_type=&#8221;&#8221;][vc_column column_padding=&#8221;no-extra-padding&#8221; column_padding_tablet=&#8221;inherit&#8221; column_padding_phone=&#8221;inherit&#8221; column_padding_position=&#8221;all&#8221; column_element_direction_desktop=&#8221;default&#8221; column_element_spacing=&#8221;default&#8221; desktop_text_alignment=&#8221;default&#8221; tablet_text_alignment=&#8221;default&#8221; phone_text_alignment=&#8221;default&#8221; background_color_opacity=&#8221;1&#8243; background_hover_color_opacity=&#8221;1&#8243; column_backdrop_filter=&#8221;none&#8221;&#8230;<\/p>\n","protected":false},"author":1,"featured_media":0,"parent":0,"menu_order":0,"comment_status":"closed","ping_status":"closed","template":"","meta":{"footnotes":""},"class_list":["post-810","page","type-page","status-publish"],"acf":[],"yoast_head":"<!-- This site is optimized with the Yoast SEO plugin v22.1 - https:\/\/yoast.com\/wordpress\/plugins\/seo\/ -->\n<title>Request a quote - Thank you - Philippe &amp; Co - Votre bijoutier \u00e0 Montr\u00e9al sp\u00e9cialiste en diamants v\u00e9ritables, de laboratoire ou de synth\u00e8se<\/title>\n<meta name=\"robots\" content=\"index, follow, max-snippet:-1, max-image-preview:large, max-video-preview:-1\" \/>\n<link rel=\"canonical\" href=\"https:\/\/diamant-de-laboratoire.philippeandco.ca\/en\/request-a-quote-thank-you\/\" \/>\n<meta property=\"og:locale\" content=\"en_US\" \/>\n<meta property=\"og:type\" content=\"article\" \/>\n<meta property=\"og:title\" content=\"Request a quote - Thank you - Philippe &amp; Co - Votre bijoutier \u00e0 Montr\u00e9al sp\u00e9cialiste en diamants v\u00e9ritables, de laboratoire ou de synth\u00e8se\" \/>\n<meta property=\"og:description\" content=\"[vc_row type=&#8221;in_container&#8221; full_screen_row_position=&#8221;middle&#8221; column_margin=&#8221;default&#8221; column_direction=&#8221;default&#8221; column_direction_tablet=&#8221;default&#8221; column_direction_phone=&#8221;default&#8221; scene_position=&#8221;center&#8221; text_color=&#8221;dark&#8221; text_align=&#8221;center&#8221; row_border_radius=&#8221;none&#8221; row_border_radius_applies=&#8221;bg&#8221; overflow=&#8221;visible&#8221; overlay_strength=&#8221;0.3&#8243; gradient_direction=&#8221;left_to_right&#8221; shape_divider_position=&#8221;bottom&#8221; bg_image_animation=&#8221;none&#8221; shape_type=&#8221;&#8221;][vc_column column_padding=&#8221;no-extra-padding&#8221; column_padding_tablet=&#8221;inherit&#8221; column_padding_phone=&#8221;inherit&#8221; column_padding_position=&#8221;all&#8221; column_element_direction_desktop=&#8221;default&#8221; column_element_spacing=&#8221;default&#8221; desktop_text_alignment=&#8221;default&#8221; tablet_text_alignment=&#8221;default&#8221; phone_text_alignment=&#8221;default&#8221; background_color_opacity=&#8221;1&#8243; background_hover_color_opacity=&#8221;1&#8243; column_backdrop_filter=&#8221;none&#8221;...\" \/>\n<meta property=\"og:url\" content=\"https:\/\/diamant-de-laboratoire.philippeandco.ca\/en\/request-a-quote-thank-you\/\" \/>\n<meta property=\"og:site_name\" content=\"Philippe &amp; Co\" \/>\n<meta property=\"article:modified_time\" content=\"2023-06-28T22:30:45+00:00\" \/>\n<meta name=\"twitter:card\" content=\"summary_large_image\" \/>\n<meta name=\"twitter:label1\" content=\"Est. reading time\" \/>\n\t<meta name=\"twitter:data1\" content=\"1 minute\" \/>\n<script type=\"application\/ld+json\" class=\"yoast-schema-graph\">{\"@context\":\"https:\/\/schema.org\",\"@graph\":[{\"@type\":\"WebPage\",\"@id\":\"https:\/\/diamant-de-laboratoire.philippeandco.ca\/en\/request-a-quote-thank-you\/\",\"url\":\"https:\/\/diamant-de-laboratoire.philippeandco.ca\/en\/request-a-quote-thank-you\/\",\"name\":\"Request a quote - Thank you - Philippe &amp; Co - Votre bijoutier \u00e0 Montr\u00e9al sp\u00e9cialiste en diamants v\u00e9ritables, de laboratoire ou de synth\u00e8se\",\"isPartOf\":{\"@id\":\"https:\/\/diamant-de-laboratoire.philippeandco.ca\/#website\"},\"datePublished\":\"2018-04-30T14:32:29+00:00\",\"dateModified\":\"2023-06-28T22:30:45+00:00\",\"breadcrumb\":{\"@id\":\"https:\/\/diamant-de-laboratoire.philippeandco.ca\/en\/request-a-quote-thank-you\/#breadcrumb\"},\"inLanguage\":\"en-US\",\"potentialAction\":[{\"@type\":\"ReadAction\",\"target\":[\"https:\/\/diamant-de-laboratoire.philippeandco.ca\/en\/request-a-quote-thank-you\/\"]}]},{\"@type\":\"BreadcrumbList\",\"@id\":\"https:\/\/diamant-de-laboratoire.philippeandco.ca\/en\/request-a-quote-thank-you\/#breadcrumb\",\"itemListElement\":[{\"@type\":\"ListItem\",\"position\":1,\"name\":\"Accueil\",\"item\":\"https:\/\/diamant-de-laboratoire.philippeandco.ca\/en\/\"},{\"@type\":\"ListItem\",\"position\":2,\"name\":\"Request a quote &#8211; Thank you\"}]},{\"@type\":\"WebSite\",\"@id\":\"https:\/\/diamant-de-laboratoire.philippeandco.ca\/#website\",\"url\":\"https:\/\/diamant-de-laboratoire.philippeandco.ca\/\",\"name\":\"Philippe &amp; Co\",\"description\":\"D\u00e9couvrez notre collection de diamants de laboratoire\",\"potentialAction\":[{\"@type\":\"SearchAction\",\"target\":{\"@type\":\"EntryPoint\",\"urlTemplate\":\"https:\/\/diamant-de-laboratoire.philippeandco.ca\/?s={search_term_string}\"},\"query-input\":\"required name=search_term_string\"}],\"inLanguage\":\"en-US\"}]}<\/script>\n<!-- \/ Yoast SEO plugin. -->","yoast_head_json":{"title":"Request a quote - Thank you - Philippe &amp; Co - Votre bijoutier \u00e0 Montr\u00e9al sp\u00e9cialiste en diamants v\u00e9ritables, de laboratoire ou de synth\u00e8se","robots":{"index":"index","follow":"follow","max-snippet":"max-snippet:-1","max-image-preview":"max-image-preview:large","max-video-preview":"max-video-preview:-1"},"canonical":"https:\/\/diamant-de-laboratoire.philippeandco.ca\/en\/request-a-quote-thank-you\/","og_locale":"en_US","og_type":"article","og_title":"Request a quote - Thank you - Philippe &amp; Co - Votre bijoutier \u00e0 Montr\u00e9al sp\u00e9cialiste en diamants v\u00e9ritables, de laboratoire ou de synth\u00e8se","og_description":"[vc_row type=&#8221;in_container&#8221; full_screen_row_position=&#8221;middle&#8221; column_margin=&#8221;default&#8221; column_direction=&#8221;default&#8221; column_direction_tablet=&#8221;default&#8221; column_direction_phone=&#8221;default&#8221; scene_position=&#8221;center&#8221; text_color=&#8221;dark&#8221; text_align=&#8221;center&#8221; row_border_radius=&#8221;none&#8221; row_border_radius_applies=&#8221;bg&#8221; overflow=&#8221;visible&#8221; overlay_strength=&#8221;0.3&#8243; gradient_direction=&#8221;left_to_right&#8221; shape_divider_position=&#8221;bottom&#8221; bg_image_animation=&#8221;none&#8221; shape_type=&#8221;&#8221;][vc_column column_padding=&#8221;no-extra-padding&#8221; column_padding_tablet=&#8221;inherit&#8221; column_padding_phone=&#8221;inherit&#8221; column_padding_position=&#8221;all&#8221; column_element_direction_desktop=&#8221;default&#8221; column_element_spacing=&#8221;default&#8221; desktop_text_alignment=&#8221;default&#8221; tablet_text_alignment=&#8221;default&#8221; phone_text_alignment=&#8221;default&#8221; background_color_opacity=&#8221;1&#8243; background_hover_color_opacity=&#8221;1&#8243; column_backdrop_filter=&#8221;none&#8221;...","og_url":"https:\/\/diamant-de-laboratoire.philippeandco.ca\/en\/request-a-quote-thank-you\/","og_site_name":"Philippe &amp; Co","article_modified_time":"2023-06-28T22:30:45+00:00","twitter_card":"summary_large_image","twitter_misc":{"Est. reading time":"1 minute"},"schema":{"@context":"https:\/\/schema.org","@graph":[{"@type":"WebPage","@id":"https:\/\/diamant-de-laboratoire.philippeandco.ca\/en\/request-a-quote-thank-you\/","url":"https:\/\/diamant-de-laboratoire.philippeandco.ca\/en\/request-a-quote-thank-you\/","name":"Request a quote - Thank you - Philippe &amp; Co - Votre bijoutier \u00e0 Montr\u00e9al sp\u00e9cialiste en diamants v\u00e9ritables, de laboratoire ou de synth\u00e8se","isPartOf":{"@id":"https:\/\/diamant-de-laboratoire.philippeandco.ca\/#website"},"datePublished":"2018-04-30T14:32:29+00:00","dateModified":"2023-06-28T22:30:45+00:00","breadcrumb":{"@id":"https:\/\/diamant-de-laboratoire.philippeandco.ca\/en\/request-a-quote-thank-you\/#breadcrumb"},"inLanguage":"en-US","potentialAction":[{"@type":"ReadAction","target":["https:\/\/diamant-de-laboratoire.philippeandco.ca\/en\/request-a-quote-thank-you\/"]}]},{"@type":"BreadcrumbList","@id":"https:\/\/diamant-de-laboratoire.philippeandco.ca\/en\/request-a-quote-thank-you\/#breadcrumb","itemListElement":[{"@type":"ListItem","position":1,"name":"Accueil","item":"https:\/\/diamant-de-laboratoire.philippeandco.ca\/en\/"},{"@type":"ListItem","position":2,"name":"Request a quote &#8211; Thank you"}]},{"@type":"WebSite","@id":"https:\/\/diamant-de-laboratoire.philippeandco.ca\/#website","url":"https:\/\/diamant-de-laboratoire.philippeandco.ca\/","name":"Philippe &amp; Co","description":"D\u00e9couvrez notre collection de diamants de laboratoire","potentialAction":[{"@type":"SearchAction","target":{"@type":"EntryPoint","urlTemplate":"https:\/\/diamant-de-laboratoire.philippeandco.ca\/?s={search_term_string}"},"query-input":"required name=search_term_string"}],"inLanguage":"en-US"}]}},"_links":{"self":[{"href":"https:\/\/diamant-de-laboratoire.philippeandco.ca\/en\/wp-json\/wp\/v2\/pages\/810","targetHints":{"allow":["GET"]}}],"collection":[{"href":"https:\/\/diamant-de-laboratoire.philippeandco.ca\/en\/wp-json\/wp\/v2\/pages"}],"about":[{"href":"https:\/\/diamant-de-laboratoire.philippeandco.ca\/en\/wp-json\/wp\/v2\/types\/page"}],"author":[{"embeddable":true,"href":"https:\/\/diamant-de-laboratoire.philippeandco.ca\/en\/wp-json\/wp\/v2\/users\/1"}],"replies":[{"embeddable":true,"href":"https:\/\/diamant-de-laboratoire.philippeandco.ca\/en\/wp-json\/wp\/v2\/comments?post=810"}],"version-history":[{"count":3,"href":"https:\/\/diamant-de-laboratoire.philippeandco.ca\/en\/wp-json\/wp\/v2\/pages\/810\/revisions"}],"predecessor-version":[{"id":1641,"href":"https:\/\/diamant-de-laboratoire.philippeandco.ca\/en\/wp-json\/wp\/v2\/pages\/810\/revisions\/1641"}],"wp:attachment":[{"href":"https:\/\/diamant-de-laboratoire.philippeandco.ca\/en\/wp-json\/wp\/v2\/media?parent=810"}],"curies":[{"name":"wp","href":"https:\/\/api.w.org\/{rel}","templated":true}]}}